{"id":2353,"date":"2024-02-01T21:52:02","date_gmt":"2024-02-01T21:52:02","guid":{"rendered":"https:\/\/price.tonaflod.is\/?page_id=2353"},"modified":"2024-04-16T13:16:55","modified_gmt":"2024-04-16T13:16:55","slug":"systurstofnun","status":"publish","type":"page","link":"https:\/\/pension-research.is\/en\/systurstofnun\/","title":{"rendered":"Systurstofnun"},"content":{"rendered":"<p>Pension Research Center (PeRCent), Copenhagen Business School<\/p>\n<p><a href=\"https:\/\/www.cbs.dk\/en\/research\/departments-and-centres\/department-of-finance\/pension-research-centre-percent\/about-percent\"><img decoding=\"async\" class=\"alignnone wp-image-2702\" src=\"https:\/\/pension-research.is\/wp-content\/uploads\/2024\/04\/percent-logo_2-uden_baggrund-300x166.png\" alt=\"\" width=\"271\" height=\"150\" srcset=\"https:\/\/pension-research.is\/wp-content\/uploads\/2024\/04\/percent-logo_2-uden_baggrund-300x166.png 300w, https:\/\/pension-research.is\/wp-content\/uploads\/2024\/04\/percent-logo_2-uden_baggrund-18x10.png 18w, https:\/\/pension-research.is\/wp-content\/uploads\/2024\/04\/percent-logo_2-uden_baggrund.png 617w\" sizes=\"(max-width: 271px) 100vw, 271px\" \/><\/a><\/p>\n<p>Landssamt\u00f6k l\u00edfeyrissj\u00f3\u00f0a<\/p>\n<p><a href=\"https:\/\/www.lifeyrismal.is\/\"><img decoding=\"async\" class=\"alignnone size-full wp-image-2701\" src=\"https:\/\/pension-research.is\/wp-content\/uploads\/2024\/04\/ll.jpg\" alt=\"\" width=\"277\" height=\"89\" srcset=\"https:\/\/pension-research.is\/wp-content\/uploads\/2024\/04\/ll.jpg 277w, https:\/\/pension-research.is\/wp-content\/uploads\/2024\/04\/ll-18x6.jpg 18w\" sizes=\"(max-width: 277px) 100vw, 277px\" \/><\/a><\/p>","protected":false},"excerpt":{"rendered":"<p>Pension Research Center (PeRCent), Copenhagen Business School Landssamt\u00f6k l\u00edfeyrissj\u00f3\u00f0a<\/p>","protected":false},"author":2,"featured_media":0,"parent":0,"menu_order":3,"comment_status":"closed","ping_status":"closed","template":"","meta":{"_acf_changed":false,"footnotes":""},"class_list":["post-2353","page","type-page","status-publish","hentry","wpbf-post"],"acf":[],"_links":{"self":[{"href":"https:\/\/pension-research.is\/en\/wp-json\/wp\/v2\/pages\/2353","targetHints":{"allow":["GET"]}}],"collection":[{"href":"https:\/\/pension-research.is\/en\/wp-json\/wp\/v2\/pages"}],"about":[{"href":"https:\/\/pension-research.is\/en\/wp-json\/wp\/v2\/types\/page"}],"author":[{"embeddable":true,"href":"https:\/\/pension-research.is\/en\/wp-json\/wp\/v2\/users\/2"}],"replies":[{"embeddable":true,"href":"https:\/\/pension-research.is\/en\/wp-json\/wp\/v2\/comments?post=2353"}],"version-history":[{"count":6,"href":"https:\/\/pension-research.is\/en\/wp-json\/wp\/v2\/pages\/2353\/revisions"}],"predecessor-version":[{"id":2704,"href":"https:\/\/pension-research.is\/en\/wp-json\/wp\/v2\/pages\/2353\/revisions\/2704"}],"wp:attachment":[{"href":"https:\/\/pension-research.is\/en\/wp-json\/wp\/v2\/media?parent=2353"}],"curies":[{"name":"wp","href":"https:\/\/api.w.org\/{rel}","templated":true}]}}