{"id":2347,"date":"2024-02-01T21:48:27","date_gmt":"2024-02-01T21:48:27","guid":{"rendered":"https:\/\/price.tonaflod.is\/?page_id=2347"},"modified":"2024-04-07T13:48:02","modified_gmt":"2024-04-07T13:48:02","slug":"research-in-progress","status":"publish","type":"page","link":"https:\/\/pension-research.is\/en\/research\/research-in-progress\/","title":{"rendered":"Research in progress"},"content":{"rendered":"<h5><\/h5>\n<h5>Does Mandatory Saving Crowd out Voluntary Saving? Evidence from a Pension Reform (<a href=\"https:\/\/www.cb.is\/publications\/publications\/publication\/2023\/09\/04\/Working-paper-no.-92-Does-mandatory-saving-crowd-out-voluntary-saving\/\">see here<\/a>)<\/h5>\n<p style=\"padding-left: 40px;\"><strong>Authors<\/strong>: Svend Hougaard Jensen, Sigur\u00f0ur P\u00e1ll \u00d3lafsson, Arnaldur Sm\u00e1ri Stef\u00e1nsson, Thorsteinn Sigur\u00f0ur Sveinsson and Gylfi Zoega<\/p>\n<p style=\"padding-left: 40px;\"><strong>Abstract<\/strong>: Recently, mandatory pension contributions in the private sector in Iceland were increased substantially while remaining unchanged in the public sector. Taking this as a large natural experiment, this paper studies the effects hereof on households\u2019 voluntary saving using comprehensive third-party reported information on tax-payers\u2019 income, assets and debt for all taxpayers. Using difference-in-differences, we find that households do not reduce voluntary saving when faced with a rise in mandatory saving. Our results are confirmed by an event study of workers switching from the private sector to the public sector. Survey evidence suggests widespread ignorance about the pension system.<\/p>\n<hr \/>\n<p>&nbsp;<\/p>\n<h5>How Education Impacts Consumption Smoothing (<a href=\"https:\/\/www.cb.is\/publications\/publications\/publication\/2022\/11\/01\/Working-Paper-no.-89-Mapping-educational-disparities-in-life-cycle-consumption\/\">see here<\/a>)<\/h5>\n<p style=\"padding-left: 40px;\"><strong>Authors<\/strong>: Svend Hougaard Jensen, Sigur\u00f0ur P\u00e1ll \u00d3lafsson, Thorsteinn Sigur\u00f0ur Sveinsson and Gylfi Zoega<\/p>\n<p style=\"padding-left: 40px;\"><strong>Abstract<\/strong>: We study consumption and saving behavior by education group in Iceland over the years 2005-2019, a turbulent period with dramatic fluctuations in factor incomes before, during and after the collapse of the country\u2019s banking system. Using microdata containing the tax returns of all Icelandic taxpayers, we find that higher education lowers the marginal propensity to consume (MPC) by raising disposable income and relaxing liquidity constraints. Our results, obtained by application of econometric techniques and backed by survey evidence, also have policy implications. With a lower MPC following an increase in the average level of education, the multiplier is also lower, thus reducing macroeconomic volatility and the effectiveness of macroeconomic policy.<\/p>\n<hr \/>\n<h5><\/h5>\n<h5>The Persistent Effect of a Collapsing Banking System on Households\u2019 Consumption and Saving<\/h5>\n<p style=\"padding-left: 40px;\"><strong>Author<\/strong>: Sigur\u00f0ur P\u00e1ll \u00d3lafsson<\/p>\n<p style=\"padding-left: 40px;\"><strong>Abstract<\/strong>:\u00a0 Using administrative panel microdata of Icelandic taxpayers, I analyze households\u2019 persistent consumption response to the collapse of Iceland\u2019s banking system. The sample period of covers the period of rapid economic growth in Iceland leading up to the global financial crisis (GFC), the collapse of the country\u2019s entire banking system in the wake of the GFC, and, finally, its post-crisis recovery. The large fluctuations and dramatic uncertainty facing Icelandic households post-GFC provide a unique opportunity for analyzing households\u2019 precautionary saving and consumption behavior. Using information on households\u2019 characteristics, I estimate individual-level job-loss probabilities and show how labor market risk persistently affects consumption. I find that households who have recently faced elevated risk subsequently lower their consumption. The drop in consumption is significant and persistent. A one standard deviation increase in uncertainty persistently reduces consumption by a meaningful 0.5% of GDP. Finally, widespread indexation of household debt meant that relatively indebted households saw their debt level rise even further as the currency collapsed and inflation took hold after the GFC\/ banking collapse. I show that those households persistently reduce their consumption after the crisis, compared to relatively less indebted households.<\/p>\n<hr \/>\n<p>&nbsp;<\/p>\n<h5>Old-Age Saving in a Welfare State<\/h5>\n<p style=\"padding-left: 40px;\"><strong>Authors<\/strong>: Torben M Andersen, Andri S Scheving and Gylfi Zoega<\/p>\n<p style=\"padding-left: 40px;\"><strong>Abstract<\/strong>: We contribute to the literature on saving in retirement by studying the saving behavior of retirees in Iceland, a country where health care is free of charge as well as nursing homes. This removes some of the precautionary motive for saving, leaving the bequest motive and other inter-generational transfers, which are the focus of our study. It is shown that saving remains positive in retirement and depends on the number of grown-up children, their income, and their saving. The saving rate drops upon the death of a spouse indicating a transfer of wealth to children. A draft is expected to be completed in the summer of 2024.<\/p>\n<hr \/>\n<p>&nbsp;<\/p>\n<h5>The Determinants of Early Retirement<\/h5>\n<p style=\"padding-left: 40px;\"><strong>Authors<\/strong>: Torben M Andersen, Andri S Scheving and Gylfi Zoega<\/p>\n<p style=\"padding-left: 40px;\"><strong>Abstract<\/strong>: <span class=\"HwtZe\" lang=\"en\"><span class=\"jCAhz ChMk0b\"><span class=\"ryNqvb\">In Iceland,it is common for people in their sixties to work part-time or leave the labor market before reaching the statutory retirement age.<\/span><\/span> <span class=\"jCAhz ChMk0b\"><span class=\"ryNqvb\">This study examines the factors that affetct early retirement.<\/span><\/span> <span class=\"jCAhz ChMk0b\"><span class=\"ryNqvb\">It looks at the role of marital status, spouse&#8217;s labor market participation, wage income, pension, home ownership and debt, amongst other factors.<\/span><\/span> <span class=\"jCAhz ChMk0b\"><span class=\"ryNqvb\">Results are expected to be available by the end of summer 2024.<\/span><\/span><\/span><\/p>\n<p>&nbsp;<\/p>","protected":false},"excerpt":{"rendered":"<p>Does Mandatory Saving Crowd out Voluntary Saving? Evidence from a Pension Reform (see here) Authors: Svend Hougaard Jensen, Sigur\u00f0ur P\u00e1ll \u00d3lafsson, Arnaldur Sm\u00e1ri Stef\u00e1nsson, Thorsteinn Sigur\u00f0ur Sveinsson and Gylfi Zoega Abstract: Recently, mandatory pension contributions in the private sector in Iceland were increased substantially while remaining unchanged in the public sector. Taking this as a [&hellip;]<\/p>","protected":false},"author":2,"featured_media":0,"parent":2341,"menu_order":3,"comment_status":"closed","ping_status":"closed","template":"","meta":{"_acf_changed":false,"footnotes":""},"class_list":["post-2347","page","type-page","status-publish","hentry","wpbf-post"],"acf":[],"_links":{"self":[{"href":"https:\/\/pension-research.is\/en\/wp-json\/wp\/v2\/pages\/2347","targetHints":{"allow":["GET"]}}],"collection":[{"href":"https:\/\/pension-research.is\/en\/wp-json\/wp\/v2\/pages"}],"about":[{"href":"https:\/\/pension-research.is\/en\/wp-json\/wp\/v2\/types\/page"}],"author":[{"embeddable":true,"href":"https:\/\/pension-research.is\/en\/wp-json\/wp\/v2\/users\/2"}],"replies":[{"embeddable":true,"href":"https:\/\/pension-research.is\/en\/wp-json\/wp\/v2\/comments?post=2347"}],"version-history":[{"count":23,"href":"https:\/\/pension-research.is\/en\/wp-json\/wp\/v2\/pages\/2347\/revisions"}],"predecessor-version":[{"id":2676,"href":"https:\/\/pension-research.is\/en\/wp-json\/wp\/v2\/pages\/2347\/revisions\/2676"}],"up":[{"embeddable":true,"href":"https:\/\/pension-research.is\/en\/wp-json\/wp\/v2\/pages\/2341"}],"wp:attachment":[{"href":"https:\/\/pension-research.is\/en\/wp-json\/wp\/v2\/media?parent=2347"}],"curies":[{"name":"wp","href":"https:\/\/api.w.org\/{rel}","templated":true}]}}