{"id":2345,"date":"2024-02-01T21:47:47","date_gmt":"2024-02-01T21:47:47","guid":{"rendered":"https:\/\/price.tonaflod.is\/?page_id=2345"},"modified":"2024-04-16T13:31:37","modified_gmt":"2024-04-16T13:31:37","slug":"books","status":"publish","type":"page","link":"https:\/\/pension-research.is\/en\/research\/books\/","title":{"rendered":"Books"},"content":{"rendered":"<p><span style=\"font-size: 16px; font-weight: 400;\"><a href=\"https:\/\/pension-research.is\/en\/folkid\/gudrun-johnsen\/\">Gudrun Johnsen<\/a> og Elin H. Jonsdottir (2023), \u201cFrom the outside in: The Influence of the welfare state on corporate governance in the Nordic countries,\u201c Chapter 2 in Beate Sj\u00e5fjell and Jukka M\u00e4h\u00f6nen (eds), <\/span><em style=\"font-size: 16px; font-weight: 400;\">Nordic Company Law: Broadening the Horizon<\/em><span style=\"font-size: 16px; font-weight: 400;\">, Scandinavian University Press.<\/span><\/p>\n<p>Hian Teck Hoon, Edmund S. Phelps and <a href=\"https:\/\/pension-research.is\/en\/people_price\/gylfi-zoega\/\">Gylfi Zoega<\/a> (2023), <em>The Great Economic Slowdown: How Narrowed Technical Progress Brought Static Wages, Sky-High Wealth, and Much Discontent<\/em>, Palgrave Macmillan.<\/p>\n<p><a href=\"https:\/\/pension-research.is\/en\/people_price\/torben-m-andersen\/\">Torben M. Andersen<\/a>, <a href=\"https:\/\/pension-research.is\/en\/people_price\/svend-erik-hougaard-jensen\/\">Svend E. Hougaard Jensen<\/a> and Jesper Rangvid (2022), <em>The Danish Pension System<\/em>, Oxford University Press.<\/p>\n<p>Olivia S. Mitchell, Raimond Maurer, and <a href=\"https:\/\/pension-research.is\/en\/people_price\/mike-orszag\/\">J. Michael Orszag <\/a>(2016), <em>Retirement System Risk Management: Implications of the New Regulatory Order<\/em>, Oxford University Press.<\/p>","protected":false},"excerpt":{"rendered":"<p>Gudrun Johnsen og Elin H. Jonsdottir (2023), \u201cFrom the outside in: The Influence of the welfare state on corporate governance in the Nordic countries,\u201c Chapter 2 in Beate Sj\u00e5fjell and Jukka M\u00e4h\u00f6nen (eds), Nordic Company Law: Broadening the Horizon, Scandinavian University Press. Hian Teck Hoon, Edmund S. Phelps and Gylfi Zoega (2023), The Great Economic [&hellip;]<\/p>","protected":false},"author":2,"featured_media":0,"parent":2341,"menu_order":2,"comment_status":"closed","ping_status":"closed","template":"","meta":{"_acf_changed":false,"footnotes":""},"class_list":["post-2345","page","type-page","status-publish","hentry","wpbf-post"],"acf":[],"_links":{"self":[{"href":"https:\/\/pension-research.is\/en\/wp-json\/wp\/v2\/pages\/2345","targetHints":{"allow":["GET"]}}],"collection":[{"href":"https:\/\/pension-research.is\/en\/wp-json\/wp\/v2\/pages"}],"about":[{"href":"https:\/\/pension-research.is\/en\/wp-json\/wp\/v2\/types\/page"}],"author":[{"embeddable":true,"href":"https:\/\/pension-research.is\/en\/wp-json\/wp\/v2\/users\/2"}],"replies":[{"embeddable":true,"href":"https:\/\/pension-research.is\/en\/wp-json\/wp\/v2\/comments?post=2345"}],"version-history":[{"count":8,"href":"https:\/\/pension-research.is\/en\/wp-json\/wp\/v2\/pages\/2345\/revisions"}],"predecessor-version":[{"id":2699,"href":"https:\/\/pension-research.is\/en\/wp-json\/wp\/v2\/pages\/2345\/revisions\/2699"}],"up":[{"embeddable":true,"href":"https:\/\/pension-research.is\/en\/wp-json\/wp\/v2\/pages\/2341"}],"wp:attachment":[{"href":"https:\/\/pension-research.is\/en\/wp-json\/wp\/v2\/media?parent=2345"}],"curies":[{"name":"wp","href":"https:\/\/api.w.org\/{rel}","templated":true}]}}