{"id":2174,"date":"2024-01-29T11:51:13","date_gmt":"2024-01-29T11:51:13","guid":{"rendered":"https:\/\/price.tonaflod.is\/?page_id=2174"},"modified":"2024-02-20T14:23:10","modified_gmt":"2024-02-20T14:23:10","slug":"baekur","status":"publish","type":"page","link":"https:\/\/pension-research.is\/en\/rannsoknir\/baekur\/","title":{"rendered":"B\u00e6kur og b\u00f3kakaflar"},"content":{"rendered":"<p><span style=\"font-size: 16px; font-weight: 400;\"><a href=\"https:\/\/pension-research.is\/en\/folkid\/gudrun-johnsen\/\">Gudrun Johnsen<\/a> og Elin H. Jonsdottir (2023), \u201cFrom the outside in: The Influence of the welfare state on corporate governance in the Nordic countries,\u201c Chapter 2 in Beate Sj\u00e5fjell and Jukka M\u00e4h\u00f6nen (eds), <\/span><em style=\"font-size: 16px; font-weight: 400;\">Nordic Company Law: Broadening the Horizon<\/em><span style=\"font-size: 16px; font-weight: 400;\">, Scandinavian University Press.<\/span><\/p>\n<p>Hian Teck Hoon, Edmund S. Phelps and <a href=\"https:\/\/pension-research.is\/en\/folkid\/gylfi-zoega-2\/\">Gylfi Zoega<\/a> (2023), <em>The Great Economic Slowdown: How Narrowed Technical Progress Brought Static Wages, Sky-High Wealth, and Much Discontent<\/em>, Palgrave Macmillan.<\/p>\n<p><a href=\"https:\/\/pension-research.is\/en\/folkid\/torben-m-andersen\/\">Torben M. Andersen<\/a>, <a href=\"https:\/\/pension-research.is\/en\/folkid\/svend-e-hougaard-jensen\/\">Svend E. Hougaard Jensen<\/a> and Jesper Rangvid (2022), <em>The Danish Pension System<\/em>, Oxford University Press.<\/p>\n<p>Olivia S. Mitchell, Raimond Maurer, and <a href=\"https:\/\/pension-research.is\/en\/folkid\/mike-orszag\/\">J. Michael Orszag<\/a> (2016), <em>Retirement System Risk Management: Implications of the New Regulatory Order<\/em>, Oxford University Press.<\/p>\n<p>&nbsp;<\/p>\n<p>&nbsp;<\/p>\n<h2><\/h2>\n<p>&nbsp;<\/p>","protected":false},"excerpt":{"rendered":"<p>Gudrun Johnsen og Elin H. Jonsdottir (2023), \u201cFrom the outside in: The Influence of the welfare state on corporate governance in the Nordic countries,\u201c Chapter 2 in Beate Sj\u00e5fjell and Jukka M\u00e4h\u00f6nen (eds), Nordic Company Law: Broadening the Horizon, Scandinavian University Press. Hian Teck Hoon, Edmund S. Phelps and Gylfi Zoega (2023), The Great Economic [&hellip;]<\/p>","protected":false},"author":2,"featured_media":0,"parent":1668,"menu_order":2,"comment_status":"closed","ping_status":"closed","template":"","meta":{"_acf_changed":false,"footnotes":""},"class_list":["post-2174","page","type-page","status-publish","hentry","wpbf-post"],"acf":[],"_links":{"self":[{"href":"https:\/\/pension-research.is\/en\/wp-json\/wp\/v2\/pages\/2174","targetHints":{"allow":["GET"]}}],"collection":[{"href":"https:\/\/pension-research.is\/en\/wp-json\/wp\/v2\/pages"}],"about":[{"href":"https:\/\/pension-research.is\/en\/wp-json\/wp\/v2\/types\/page"}],"author":[{"embeddable":true,"href":"https:\/\/pension-research.is\/en\/wp-json\/wp\/v2\/users\/2"}],"replies":[{"embeddable":true,"href":"https:\/\/pension-research.is\/en\/wp-json\/wp\/v2\/comments?post=2174"}],"version-history":[{"count":7,"href":"https:\/\/pension-research.is\/en\/wp-json\/wp\/v2\/pages\/2174\/revisions"}],"predecessor-version":[{"id":2612,"href":"https:\/\/pension-research.is\/en\/wp-json\/wp\/v2\/pages\/2174\/revisions\/2612"}],"up":[{"embeddable":true,"href":"https:\/\/pension-research.is\/en\/wp-json\/wp\/v2\/pages\/1668"}],"wp:attachment":[{"href":"https:\/\/pension-research.is\/en\/wp-json\/wp\/v2\/media?parent=2174"}],"curies":[{"name":"wp","href":"https:\/\/api.w.org\/{rel}","templated":true}]}}