{"id":1696,"date":"2023-12-17T23:49:01","date_gmt":"2023-12-17T23:49:01","guid":{"rendered":"https:\/\/price.tonaflod.is\/?page_id=1696"},"modified":"2024-01-29T11:33:28","modified_gmt":"2024-01-29T11:33:28","slug":"markmid","status":"publish","type":"page","link":"https:\/\/pension-research.is\/en\/markmid\/","title":{"rendered":"Markmi\u00f0"},"content":{"rendered":"<p>Markmi\u00f0 stofnunarinnar er a\u00f0 efla ranns\u00f3knir og auka skilning \u00e1 l\u00edfeyrism\u00e1lum me\u00f0 \u00fev\u00ed a\u00f0 efna til samstarfs innlendra og erlendra fr\u00e6\u00f0imanna og f\u00e1 uppl\u00fdsingar og hugmyndir um skipan l\u00edfeyrism\u00e1la \u00ed \u00f6\u00f0rum r\u00edkjum me\u00f0 vinnustofum og r\u00e1\u00f0stefnuhaldi.<\/p>\n<p>Stofnuninni er \u00e6tla\u00f0 a\u00f0 vera fr\u00e6\u00f0asamf\u00e9lag og samstarfsvettvangur sem n\u00fdst getur vi\u00f0 ranns\u00f3knir og greiningar \u00e1 svi\u00f0i l\u00edfeyrism\u00e1la og stutt vi\u00f0 framt\u00ed\u00f0ar\u00fer\u00f3un \u00edslenska l\u00edfeyriskerfisins.<\/p>\n<p>Ranns\u00f3knum sem unnar eru innan v\u00e9banda stofnunarinnar er \u00e6tla\u00f0 a\u00f0 vera fr\u00e6\u00f0ilegar og birtar \u00ed fr\u00e6\u00f0ilegum t\u00edmaritum og b\u00f3kum. Stofnunin mun efla f\u00e9laga s\u00edna til d\u00e1\u00f0a \u00ed ranns\u00f3knum me\u00f0 \u00fev\u00ed a\u00f0 halda reglulegar vinnustofur, auk einnar st\u00f3rrar r\u00e1\u00f0stefnu sem haldin er \u00ed samvinnu vi\u00f0 Landssamt\u00f6k l\u00edfeyrissj\u00f3\u00f0a \u00e1rlega.\u00a0 Stofnunin mun einnig sty\u00f0ja vi\u00f0 doktorsnema \u00e1 \u00feessu svi\u00f0i.<\/p>\n<p>\u00de\u00f3tt stofnunin leggi h\u00f6fu\u00f0\u00e1herslu \u00e1 ranns\u00f3knir \u00fe\u00e1 gegnir h\u00fan einnig \u00fev\u00ed hlutverki a\u00f0 efla uppl\u00fdsta umr\u00e6\u00f0u um m\u00e1lefni l\u00edfeyrissj\u00f3\u00f0a \u00e1 \u00cdslandi. Me\u00f0 samvinnu vi\u00f0 Landssamt\u00f6k l\u00edfeyrissj\u00f3\u00f0a, Se\u00f0labankann og fj\u00e1rm\u00e1la- og efnahagsr\u00e1\u00f0uneyti\u00f0 getur stofnunin haft \u00e1hrif \u00e1 stefnu stj\u00f3rnvalda og lagalega umgj\u00f6r\u00f0 l\u00edfeyrissj\u00f3\u00f0a.<\/p>","protected":false},"excerpt":{"rendered":"<p>Markmi\u00f0 stofnunarinnar er a\u00f0 efla ranns\u00f3knir og auka skilning \u00e1 l\u00edfeyrism\u00e1lum me\u00f0 \u00fev\u00ed a\u00f0 efna til samstarfs innlendra og erlendra fr\u00e6\u00f0imanna og f\u00e1 uppl\u00fdsingar og hugmyndir um skipan l\u00edfeyrism\u00e1la \u00ed \u00f6\u00f0rum r\u00edkjum me\u00f0 vinnustofum og r\u00e1\u00f0stefnuhaldi. Stofnuninni er \u00e6tla\u00f0 a\u00f0 vera fr\u00e6\u00f0asamf\u00e9lag og samstarfsvettvangur sem n\u00fdst getur vi\u00f0 ranns\u00f3knir og greiningar \u00e1 svi\u00f0i l\u00edfeyrism\u00e1la og [&hellip;]<\/p>","protected":false},"author":2,"featured_media":0,"parent":0,"menu_order":1,"comment_status":"closed","ping_status":"closed","template":"","meta":{"_acf_changed":false,"footnotes":""},"class_list":["post-1696","page","type-page","status-publish","hentry","wpbf-post"],"acf":[],"_links":{"self":[{"href":"https:\/\/pension-research.is\/en\/wp-json\/wp\/v2\/pages\/1696","targetHints":{"allow":["GET"]}}],"collection":[{"href":"https:\/\/pension-research.is\/en\/wp-json\/wp\/v2\/pages"}],"about":[{"href":"https:\/\/pension-research.is\/en\/wp-json\/wp\/v2\/types\/page"}],"author":[{"embeddable":true,"href":"https:\/\/pension-research.is\/en\/wp-json\/wp\/v2\/users\/2"}],"replies":[{"embeddable":true,"href":"https:\/\/pension-research.is\/en\/wp-json\/wp\/v2\/comments?post=1696"}],"version-history":[{"count":7,"href":"https:\/\/pension-research.is\/en\/wp-json\/wp\/v2\/pages\/1696\/revisions"}],"predecessor-version":[{"id":1871,"href":"https:\/\/pension-research.is\/en\/wp-json\/wp\/v2\/pages\/1696\/revisions\/1871"}],"wp:attachment":[{"href":"https:\/\/pension-research.is\/en\/wp-json\/wp\/v2\/media?parent=1696"}],"curies":[{"name":"wp","href":"https:\/\/api.w.org\/{rel}","templated":true}]}}