{"id":1668,"date":"2023-12-17T22:43:00","date_gmt":"2023-12-17T22:43:00","guid":{"rendered":"https:\/\/price.tonaflod.is\/?page_id=1668"},"modified":"2024-02-01T20:32:58","modified_gmt":"2024-02-01T20:32:58","slug":"rannsoknir","status":"publish","type":"page","link":"https:\/\/pension-research.is\/en\/rannsoknir\/","title":{"rendered":"Ranns\u00f3knir"},"content":{"rendered":"<p>3<\/p>\n<p>Olivia S. Mitchell, Raimond Maurer, and J. Michael Orszag (2016), <em>Retirement System Risk Management: Implications of the New Regulatory Order<\/em>, Oxford University Press.<\/p>\n<p>Torben M. Andersen og Marias H. Gestsson (2020), \u201cAnnuitization and aggregate mortality risk,\u201d <em>Journal of Risk and Insurance<\/em>, 88\u00a0 (1), 79-99.<\/p>\n<p>Svend E. Hougaard Jensen, Jukka Lassila, Niku Maattanen, Tarmo Valkonen og Ed Westerhout, \u201cThe tope three pension systemts. Denmark, Finland, and the Netherlands,\u201d <em>The Journal of Retirement<\/em>, 8 (2), 76-82.<\/p>\n<p>Svend E. Hougaard Jensen, Thorsteinn S. Sveinsson og Gylfi Zoega (2021), \u201cLongevity adjustment of retirement age and intragenerational inequality,\u201d <em>Economica<\/em>, 88 (350), 339-363.<\/p>\n<p>Torben M. Andersen og Joydeep Bhattacharya (2021), \u201cWhy mandate young borrowers to contribute to their retirement accounts?\u201d <em>Economic Theory<\/em>, 71 (1), 115-149.<\/p>\n<p>Torben M. Andersen, Joydeep Bhattacharya og Marias H. Gestsson (2021), \u201cPareot-improving transition to fully funded pensions under myopia,\u201d <em>Journal of Demographic Economics<\/em>, 87 (2).<\/p>\n<p>Torben M. Andersen, Svend E. Hougaard Jensen and Jesper Rangvid (2022), <em>The Danish Pension System<\/em>, Oxford University Press.<\/p>\n<p>Emanuele Ciani, Adeline Delavande, Ben Etheridge og Marco Francesconi (2022), \u201cPolicy uncertainty and information flows: Evidence from pension reform expectations\u201a\u201c <em>The Economic Journal<\/em>, 133 (649), 98-129.<\/p>\n<p>Linda S. Larsen, Ulf Nielsson og Jesper Rangvidd (2022), \u201cGender and choice of pension product,\u201d <em>Finance Research Letters<\/em>, 47 (B).<\/p>\n<p>Jon Gudjonsson og Svend E. Hougaard Jensen (2023), \u201cPension funds and financial stability: The case of the UK gilt crisis,\u201d Intereconomics, 58 (3), 155-159.<\/p>\n<p>Marco Francesconi, Robert A. Pllak og Domenico Tabasso (2023), \u201cUnequal bequests,\u201d <em>European Economic Review<\/em>, 157.<\/p>\n<p>Gudrun Johnsen og Elin H. Jonsdottir (2023), \u201cFrom the outside in: The Influence of the welfare state on corporate governance in the Nordic countries,\u201c Chapter 2 in Beate Sj\u00e5fjell and Jukka M\u00e4h\u00f6nen (eds), <em>Nordic Company Law: Broadening the Horizon<\/em>, Scandinavian University Press.<\/p>\n<p>Svend E. Hougaard Jensen, Thorsteinn S. Sveinsson og Gylfi Zoega (2024), \u201cAddressing longevity inequality: How retirement age differentiation can be implemented,\u201d <em>CESifo Economic Studies<\/em>, 4.<\/p>\n<h2><\/h2>\n<p>&nbsp;<\/p>","protected":false},"excerpt":{"rendered":"<p>3 Olivia S. Mitchell, Raimond Maurer, and J. Michael Orszag (2016), Retirement System Risk Management: Implications of the New Regulatory Order, Oxford University Press. Torben M. Andersen og Marias H. Gestsson (2020), \u201cAnnuitization and aggregate mortality risk,\u201d Journal of Risk and Insurance, 88\u00a0 (1), 79-99. Svend E. Hougaard Jensen, Jukka Lassila, Niku Maattanen, Tarmo Valkonen [&hellip;]<\/p>","protected":false},"author":2,"featured_media":0,"parent":0,"menu_order":3,"comment_status":"closed","ping_status":"closed","template":"","meta":{"_acf_changed":false,"footnotes":""},"class_list":["post-1668","page","type-page","status-publish","hentry","wpbf-post"],"acf":[],"_links":{"self":[{"href":"https:\/\/pension-research.is\/en\/wp-json\/wp\/v2\/pages\/1668","targetHints":{"allow":["GET"]}}],"collection":[{"href":"https:\/\/pension-research.is\/en\/wp-json\/wp\/v2\/pages"}],"about":[{"href":"https:\/\/pension-research.is\/en\/wp-json\/wp\/v2\/types\/page"}],"author":[{"embeddable":true,"href":"https:\/\/pension-research.is\/en\/wp-json\/wp\/v2\/users\/2"}],"replies":[{"embeddable":true,"href":"https:\/\/pension-research.is\/en\/wp-json\/wp\/v2\/comments?post=1668"}],"version-history":[{"count":24,"href":"https:\/\/pension-research.is\/en\/wp-json\/wp\/v2\/pages\/1668\/revisions"}],"predecessor-version":[{"id":2292,"href":"https:\/\/pension-research.is\/en\/wp-json\/wp\/v2\/pages\/1668\/revisions\/2292"}],"wp:attachment":[{"href":"https:\/\/pension-research.is\/en\/wp-json\/wp\/v2\/media?parent=1668"}],"curies":[{"name":"wp","href":"https:\/\/api.w.org\/{rel}","templated":true}]}}